{"id":151,"date":"2021-09-03T11:16:37","date_gmt":"2021-09-03T09:16:37","guid":{"rendered":"https:\/\/mentaltraining-rosi-schneider.com\/?page_id=151"},"modified":"2021-11-07T02:50:24","modified_gmt":"2021-11-07T01:50:24","slug":"impressum","status":"publish","type":"page","link":"https:\/\/mentaltraining-rosi-schneider.com\/?page_id=151","title":{"rendered":"Impressum"},"content":{"rendered":"\n<p>Mentaltraining Rosi Schneider<\/p>\n\n\n\n<p>7100 Neusiedl am See<\/p>\n\n\n\n<p>Gartensiedlung 23<\/p>\n\n\n\n<p><\/p>\n\n\n\n<p>Firmenbuchgericht: Bezirksgericht Eisenstadt<\/p>\n\n\n\n<p>Umsatzsteuer- Identifikationsnummer:<\/p>\n\n\n\n<p>Anwendbare gewerbe- und berufsrechtliche Vorschriften: Gewerbeordnung<\/p>\n\n\n\n<p><strong>Rechtsform<\/strong>: Einzelunternehmen<\/p>\n\n\n\n<p><\/p>\n\n\n\n<p><strong>Copyright<\/strong><\/p>\n\n\n\n<p>Alle Inhalte dieser Seite sind nach dem Urheberrecht gesch\u00fctzt. Alle Rechte sind vorbehalten. F\u00fcr alle genannten oder abgebildeten Marken, Handelsnamen und Logos gelten die entsprechenden gesetzlichen Bestimmungen.<\/p>\n\n\n\n<p><strong>Urheberrecht&nbsp;<\/strong><\/p>\n\n\n\n<p>Die durch die Seitenbetreiber erstellten Inhalte und Werke auf diesen Seiten unterliegen dem Urheberrecht. Die Vervielf\u00e4ltigung, Bearbeitung, Verbreitung und jede Art der Verwertung au\u00dferhalb der Grenzen des Urheberrechtes bed\u00fcrfen der schriftlichen Zustimmung des jeweiligen Autors bzw. Erstellers. Downloads und Kopien dieser Seite sind nur f\u00fcr den privaten, nicht kommerziellen Gebrauch gestattet.&nbsp; Soweit die Inhalte auf dieser Seite nicht vom Betreiber erstellt wurden, werden die Urheberrechte Dritter beachtet. Insbesondere werden Inhalte Dritter als solche gekennzeichnet. Solltest du trotzdem auf eine Urheberrechtsverletzung aufmerksam werden, bitte ich um einen entsprechenden Hinweis. Bei Bekanntwerden von Rechtsverletzungen werde ich derartige Inhalte umgehend entfernen.&nbsp;&nbsp;<\/p>\n\n\n\n<p><strong>Haftungsausschuss:<\/strong><\/p>\n\n\n\n<p><strong>Haftung f\u00fcr Inhalte<\/strong><\/p>\n\n\n\n<p>Diese Website wurde&nbsp;von mir&nbsp;mit gr\u00f6\u00dftm\u00f6glicher Sorgfalt zusammengestellt. Ich schlie\u00dfe jegliche Haftung f\u00fcr Sch\u00e4den, die direkt oder indirekt aus der Benutzung dieser Website entstehen aus, soweit diese nicht auf Vorsatz oder grober Fahrl\u00e4ssigkeit beruhen.<\/p>\n","protected":false},"excerpt":{"rendered":"<p>Mentaltraining Rosi Schneider 7100 Neusiedl am See Gartensiedlung 23 Firmenbuchgericht: Bezirksgericht Eisenstadt Umsatzsteuer- Identifikationsnummer: Anwendbare gewerbe- und berufsrechtliche Vorschriften: Gewerbeordnung Rechtsform: Einzelunternehmen Copyright Alle Inhalte dieser Seite sind nach dem Urheberrecht gesch\u00fctzt. Alle Rechte sind vorbehalten. F\u00fcr alle genannten oder abgebildeten Marken, Handelsnamen und Logos gelten die entsprechenden gesetzlichen Bestimmungen. Urheberrecht&nbsp; Die durch die Seitenbetreiber&hellip; <a class=\"more-link\" href=\"https:\/\/mentaltraining-rosi-schneider.com\/?page_id=151\">Continue reading <span class=\"screen-reader-text\">Impressum<\/span><\/a><\/p>\n","protected":false},"author":1,"featured_media":0,"parent":0,"menu_order":0,"comment_status":"closed","ping_status":"closed","template":"","meta":[],"_links":{"self":[{"href":"https:\/\/mentaltraining-rosi-schneider.com\/index.php?rest_route=\/wp\/v2\/pages\/151"}],"collection":[{"href":"https:\/\/mentaltraining-rosi-schneider.com\/index.php?rest_route=\/wp\/v2\/pages"}],"about":[{"href":"https:\/\/mentaltraining-rosi-schneider.com\/index.php?rest_route=\/wp\/v2\/types\/page"}],"author":[{"embeddable":true,"href":"https:\/\/mentaltraining-rosi-schneider.com\/index.php?rest_route=\/wp\/v2\/users\/1"}],"replies":[{"embeddable":true,"href":"https:\/\/mentaltraining-rosi-schneider.com\/index.php?rest_route=%2Fwp%2Fv2%2Fcomments&post=151"}],"version-history":[{"count":5,"href":"https:\/\/mentaltraining-rosi-schneider.com\/index.php?rest_route=\/wp\/v2\/pages\/151\/revisions"}],"predecessor-version":[{"id":244,"href":"https:\/\/mentaltraining-rosi-schneider.com\/index.php?rest_route=\/wp\/v2\/pages\/151\/revisions\/244"}],"wp:attachment":[{"href":"https:\/\/mentaltraining-rosi-schneider.com\/index.php?rest_route=%2Fwp%2Fv2%2Fmedia&parent=151"}],"curies":[{"name":"wp","href":"https:\/\/api.w.org\/{rel}","templated":true}]}}